{"id":2530,"date":"2021-03-08T09:01:41","date_gmt":"2021-03-08T08:01:41","guid":{"rendered":"https:\/\/www.thuthanhkochauf.at\/einfuehren\/"},"modified":"2023-05-30T23:08:36","modified_gmt":"2023-05-30T21:08:36","slug":"ubermich","status":"publish","type":"page","link":"https:\/\/www.thuthanhkochauf.at\/de-at\/ubermich\/","title":{"rendered":"\u00dcber mich"},"content":{"rendered":"\t\t<div data-elementor-type=\"wp-page\" data-elementor-id=\"2530\" class=\"elementor elementor-2530 elementor-393\" data-elementor-post-type=\"page\">\n\t\t\t\t\t\t<section class=\"elementor-section elementor-top-section elementor-element elementor-element-93488aa elementor-section-boxed elementor-section-height-default elementor-section-height-default\" data-id=\"93488aa\" data-element_type=\"section\" data-e-type=\"section\" data-settings=\"{&quot;background_background&quot;:&quot;gradient&quot;}\">\n\t\t\t\t\t\t<div class=\"elementor-container elementor-column-gap-no\">\n\t\t\t\t\t<div class=\"elementor-column elementor-col-100 elementor-top-column elementor-element elementor-element-0c95332\" data-id=\"0c95332\" data-element_type=\"column\" data-e-type=\"column\">\n\t\t\t<div class=\"elementor-widget-wrap elementor-element-populated\">\n\t\t\t\t\t\t<div class=\"elementor-element elementor-element-d82acff elementor-widget elementor-widget-heading\" data-id=\"d82acff\" data-element_type=\"widget\" data-e-type=\"widget\" data-widget_type=\"heading.default\">\n\t\t\t\t<div class=\"elementor-widget-container\">\n\t\t\t\t\t<h1 class=\"elementor-heading-title elementor-size-xl\">\u00dcber Thu Thanh Kochauf<\/h1>\t\t\t\t<\/div>\n\t\t\t\t<\/div>\n\t\t\t\t\t<\/div>\n\t\t<\/div>\n\t\t\t\t\t<\/div>\n\t\t<\/section>\n\t\t\t\t<section class=\"elementor-section elementor-top-section elementor-element elementor-element-8843bff elementor-section-content-middle elementor-section-boxed elementor-section-height-default elementor-section-height-default\" data-id=\"8843bff\" data-element_type=\"section\" data-e-type=\"section\" data-settings=\"{&quot;background_background&quot;:&quot;classic&quot;}\">\n\t\t\t\t\t\t<div class=\"elementor-container elementor-column-gap-no\">\n\t\t\t\t\t<div class=\"elementor-column elementor-col-100 elementor-top-column elementor-element elementor-element-3defe21\" data-id=\"3defe21\" data-element_type=\"column\" data-e-type=\"column\">\n\t\t\t<div class=\"elementor-widget-wrap elementor-element-populated\">\n\t\t\t\t\t\t<section class=\"elementor-section elementor-inner-section elementor-element elementor-element-41c0e36 elementor-section-content-middle elementor-section-boxed elementor-section-height-default elementor-section-height-default\" data-id=\"41c0e36\" data-element_type=\"section\" data-e-type=\"section\">\n\t\t\t\t\t\t<div class=\"elementor-container elementor-column-gap-no\">\n\t\t\t\t\t<div class=\"elementor-column elementor-col-50 elementor-inner-column elementor-element elementor-element-2e8fa69\" data-id=\"2e8fa69\" data-element_type=\"column\" data-e-type=\"column\">\n\t\t\t<div class=\"elementor-widget-wrap elementor-element-populated\">\n\t\t\t\t\t\t<div class=\"elementor-element elementor-element-cd99dc8 elementor-widget elementor-widget-image\" data-id=\"cd99dc8\" data-element_type=\"widget\" data-e-type=\"widget\" data-widget_type=\"image.default\">\n\t\t\t\t<div class=\"elementor-widget-container\">\n\t\t\t\t\t\t\t\t\t\t\t\t\t\t\t<img decoding=\"async\" src=\"https:\/\/www.thuthanhkochauf.at\/wp-content\/uploads\/elementor\/thumbs\/businesskochauf-65-scaled-q6hp3m73cg81bdvlg493jirvl6hkzdyi73bszucxs0.jpg\" title=\"businesskochauf-65\" alt=\"businesskochauf-65\" loading=\"lazy\" \/>\t\t\t\t\t\t\t\t\t\t\t\t\t\t\t<\/div>\n\t\t\t\t<\/div>\n\t\t\t\t\t<\/div>\n\t\t<\/div>\n\t\t\t\t<div class=\"elementor-column elementor-col-50 elementor-inner-column elementor-element elementor-element-b2cb03b\" data-id=\"b2cb03b\" data-element_type=\"column\" data-e-type=\"column\">\n\t\t\t<div class=\"elementor-widget-wrap elementor-element-populated\">\n\t\t\t\t\t\t<div class=\"elementor-element elementor-element-bdc5ea0 elementor-widget__width-auto elementor-widget elementor-widget-heading\" data-id=\"bdc5ea0\" data-element_type=\"widget\" data-e-type=\"widget\" data-widget_type=\"heading.default\">\n\t\t\t\t<div class=\"elementor-widget-container\">\n\t\t\t\t\t<div class=\"elementor-heading-title elementor-size-default\">\u201c<\/div>\t\t\t\t<\/div>\n\t\t\t\t<\/div>\n\t\t\t\t<div class=\"elementor-element elementor-element-d0767bc elementor-widget elementor-widget-heading\" data-id=\"d0767bc\" data-element_type=\"widget\" data-e-type=\"widget\" data-widget_type=\"heading.default\">\n\t\t\t\t<div class=\"elementor-widget-container\">\n\t\t\t\t\t<p class=\"elementor-heading-title elementor-size-small\">Aufgrund ihrer guten Sprachkenntnisse und ihrer Sensibilit\u00e4t in allen F\u00e4llen, ist Thu Thanh Kochauf  Stolz drauf, Dienstleistungen im Bereich Sprachdienstleistung und Arbeitsvermittlung ausschlie\u00dflich f\u00fcr Vietnamesen anzubieten. Unter anderem unterst\u00fctzt Thu Thanh Kochauf Vietnamesen bei der Suche sowie bei der Planung nach geeigneten Ausbildung oder Arbeitswege, um sich langfristig in \u00d6sterreich zu integrieren sowie niederzulassen. Dank ihrer langj\u00e4hrigen Erfahrung und ihres hohen Ansehens in der vietnamesischen Community ist sie als Expertin auf diesem Gebiet. Sie ist als verl\u00e4ssliche Partnerin und Freundin, die die Vietnamesen in \u00d6sterreich herzlichst empf\u00e4ngt und unterst\u00fctzt.<\/p>\t\t\t\t<\/div>\n\t\t\t\t<\/div>\n\t\t\t\t\t<\/div>\n\t\t<\/div>\n\t\t\t\t\t<\/div>\n\t\t<\/section>\n\t\t\t\t\t<\/div>\n\t\t<\/div>\n\t\t\t\t\t<\/div>\n\t\t<\/section>\n\t\t\t\t<section class=\"elementor-section elementor-top-section elementor-element elementor-element-b9f8840 elementor-section-boxed elementor-section-height-default elementor-section-height-default\" data-id=\"b9f8840\" data-element_type=\"section\" data-e-type=\"section\">\n\t\t\t\t\t\t<div class=\"elementor-container elementor-column-gap-default\">\n\t\t\t\t\t<div class=\"elementor-column elementor-col-100 elementor-top-column elementor-element elementor-element-c249a6f\" data-id=\"c249a6f\" data-element_type=\"column\" data-e-type=\"column\">\n\t\t\t<div class=\"elementor-widget-wrap elementor-element-populated\">\n\t\t\t\t\t\t<div class=\"elementor-element elementor-element-1c5420a elementor-widget elementor-widget-heading\" data-id=\"1c5420a\" data-element_type=\"widget\" data-e-type=\"widget\" data-widget_type=\"heading.default\">\n\t\t\t\t<div class=\"elementor-widget-container\">\n\t\t\t\t\t<h2 class=\"elementor-heading-title elementor-size-default\">Pers\u00f6nliches Teilen<\/h2>\t\t\t\t<\/div>\n\t\t\t\t<\/div>\n\t\t\t\t<div class=\"elementor-element elementor-element-c2e1e97 elementor-widget elementor-widget-text-editor\" data-id=\"c2e1e97\" data-element_type=\"widget\" data-e-type=\"widget\" data-widget_type=\"text-editor.default\">\n\t\t\t\t<div class=\"elementor-widget-container\">\n\t\t\t\t\t\t\t\t\t<p><span style=\"font-weight: 400;\">Neben meiner Hauptt\u00e4tigkeit als Angestellte in einem internationalen Automobilunternehmen, war ich in der vietnamesischen Community in \u00d6sterreich auch als Dolmetscherin, aufgrund meiner deutsch-vietnamesische Sprachkenntnisse bekannt. Ich bin gerne bereit, meinen Landsleuten mit einem hohen Verantwortungsbewusstsein bei der \u00dcberwindung der Beh\u00f6rdenwege zu unterst\u00fctzen.<\/span><\/p><p>\u00a0<\/p><p><span style=\"font-weight: 400;\">Der Umgang mit Menschen aus vielen verschiedenen Kulturen und Bereichen sowie meine vielseitige Erfahrung in der Zusammenarbeit mit Beh\u00f6rden bilden f\u00fcr mich eine solide Grundlage, um meine F\u00e4higkeiten weiterzuentwickeln. Obwohl ich schon lange in \u00d6sterreich lebe, habe ich noch immer gute Verbindungen zu meiner Heimat und habe sehr gute Kontakte wie Deutsch Schule, Universit\u00e4ten und Verwaltungsbeh\u00f6rden in Vietnam aufgebaut. Als Dolmetscherin der Sprache Deutsch-Vietnamesisch gibt es f\u00fcr mich absolut keine Sprachbarriere.<\/span><\/p><p>\u00a0<\/p><p><span style=\"font-weight: 400;\">Ich verstehe das Leben dieser beiden L\u00e4nder gut. Da ich schon lange in \u00d6sterreich lebe, kenne ich das Leben sowie die Integration\u00a0 in \u00d6sterreich sehr gut. Ich kenne auch das Gef\u00fchl in einem fremden Land die Sprache zu lernen und sich ein neues Leben aufzustellen sehr gut, da ich die Integration in \u00d6sterreich selbst durchlebt habe. Daher bin ich voll und ganz in der Lage, jungen Menschen zu helfen, die sich eine neue Zukunft in \u00d6sterreich aufbauen wollen.<\/span><\/p>\t\t\t\t\t\t\t\t<\/div>\n\t\t\t\t<\/div>\n\t\t\t\t<div class=\"elementor-element elementor-element-18d4696 elementor-widget elementor-widget-image\" data-id=\"18d4696\" data-element_type=\"widget\" data-e-type=\"widget\" data-widget_type=\"image.default\">\n\t\t\t\t<div class=\"elementor-widget-container\">\n\t\t\t\t\t\t\t\t\t\t\t\t\t\t\t<img fetchpriority=\"high\" decoding=\"async\" width=\"1440\" height=\"565\" src=\"https:\/\/www.thuthanhkochauf.at\/wp-content\/uploads\/2023\/05\/3-1.png\" class=\"attachment-full size-full wp-image-2502\" alt=\"\" srcset=\"https:\/\/www.thuthanhkochauf.at\/wp-content\/uploads\/2023\/05\/3-1.png 1440w, https:\/\/www.thuthanhkochauf.at\/wp-content\/uploads\/2023\/05\/3-1-300x118.png 300w, https:\/\/www.thuthanhkochauf.at\/wp-content\/uploads\/2023\/05\/3-1-1024x402.png 1024w, https:\/\/www.thuthanhkochauf.at\/wp-content\/uploads\/2023\/05\/3-1-768x301.png 768w\" sizes=\"(max-width: 1440px) 100vw, 1440px\" \/>\t\t\t\t\t\t\t\t\t\t\t\t\t\t\t<\/div>\n\t\t\t\t<\/div>\n\t\t\t\t\t<\/div>\n\t\t<\/div>\n\t\t\t\t\t<\/div>\n\t\t<\/section>\n\t\t\t\t<\/div>\n\t\t","protected":false},"excerpt":{"rendered":"<p>\u00dcber Thu Thanh Kochauf \u201c Aufgrund ihrer guten Sprachkenntnisse und ihrer Sensibilit\u00e4t in allen F\u00e4llen, ist Thu Thanh Kochauf Stolz drauf, Dienstleistungen im Bereich Sprachdienstleistung und Arbeitsvermittlung ausschlie\u00dflich f\u00fcr Vietnamesen anzubieten. Unter anderem unterst\u00fctzt Thu Thanh Kochauf Vietnamesen bei der Suche sowie bei der Planung nach geeigneten Ausbildung oder Arbeitswege, um sich langfristig in \u00d6sterreich [&hellip;]<\/p>\n","protected":false},"author":1,"featured_media":0,"parent":0,"menu_order":0,"comment_status":"closed","ping_status":"closed","template":"","meta":{"site-sidebar-layout":"no-sidebar","site-content-layout":"page-builder","ast-site-content-layout":"default","site-content-style":"default","site-sidebar-style":"default","ast-global-header-display":"","ast-banner-title-visibility":"","ast-main-header-display":"","ast-hfb-above-header-display":"","ast-hfb-below-header-display":"","ast-hfb-mobile-header-display":"","site-post-title":"disabled","ast-breadcrumbs-content":"disabled","ast-featured-img":"disabled","footer-sml-layout":"","ast-disable-related-posts":"","theme-transparent-header-meta":"enabled","adv-header-id-meta":"","stick-header-meta":"","header-above-stick-meta":"","header-main-stick-meta":"","header-below-stick-meta":"","astra-migrate-meta-layouts":"default","ast-page-background-enabled":"default","ast-page-background-meta":{"desktop":{"background-color":"","background-image":"","background-repeat":"repeat","background-position":"center center","background-size":"auto","background-attachment":"scroll","background-type":"","background-media":"","overlay-type":"","overlay-color":"","overlay-opacity":"","overlay-gradient":""},"tablet":{"background-color":"","background-image":"","background-repeat":"repeat","background-position":"center center","background-size":"auto","background-attachment":"scroll","background-type":"","background-media":"","overlay-type":"","overlay-color":"","overlay-opacity":"","overlay-gradient":""},"mobile":{"background-color":"","background-image":"","background-repeat":"repeat","background-position":"center center","background-size":"auto","background-attachment":"scroll","background-type":"","background-media":"","overlay-type":"","overlay-color":"","overlay-opacity":"","overlay-gradient":""}},"ast-content-background-meta":{"desktop":{"background-color":"var(--ast-global-color-5)","background-image":"","background-repeat":"repeat","background-position":"center center","background-size":"auto","background-attachment":"scroll","background-type":"","background-media":"","overlay-type":"","overlay-color":"","overlay-opacity":"","overlay-gradient":""},"tablet":{"background-color":"var(--ast-global-color-5)","background-image":"","background-repeat":"repeat","background-position":"center center","background-size":"auto","background-attachment":"scroll","background-type":"","background-media":"","overlay-type":"","overlay-color":"","overlay-opacity":"","overlay-gradient":""},"mobile":{"background-color":"var(--ast-global-color-5)","background-image":"","background-repeat":"repeat","background-position":"center center","background-size":"auto","background-attachment":"scroll","background-type":"","background-media":"","overlay-type":"","overlay-color":"","overlay-opacity":"","overlay-gradient":""}},"footnotes":""},"class_list":["post-2530","page","type-page","status-publish","hentry"],"_links":{"self":[{"href":"https:\/\/www.thuthanhkochauf.at\/de-at\/wp-json\/wp\/v2\/pages\/2530","targetHints":{"allow":["GET"]}}],"collection":[{"href":"https:\/\/www.thuthanhkochauf.at\/de-at\/wp-json\/wp\/v2\/pages"}],"about":[{"href":"https:\/\/www.thuthanhkochauf.at\/de-at\/wp-json\/wp\/v2\/types\/page"}],"author":[{"embeddable":true,"href":"https:\/\/www.thuthanhkochauf.at\/de-at\/wp-json\/wp\/v2\/users\/1"}],"replies":[{"embeddable":true,"href":"https:\/\/www.thuthanhkochauf.at\/de-at\/wp-json\/wp\/v2\/comments?post=2530"}],"version-history":[{"count":8,"href":"https:\/\/www.thuthanhkochauf.at\/de-at\/wp-json\/wp\/v2\/pages\/2530\/revisions"}],"predecessor-version":[{"id":2574,"href":"https:\/\/www.thuthanhkochauf.at\/de-at\/wp-json\/wp\/v2\/pages\/2530\/revisions\/2574"}],"wp:attachment":[{"href":"https:\/\/www.thuthanhkochauf.at\/de-at\/wp-json\/wp\/v2\/media?parent=2530"}],"curies":[{"name":"wp","href":"https:\/\/api.w.org\/{rel}","templated":true}]}}